{"id":84,"date":"2024-09-30T14:12:08","date_gmt":"2024-09-30T14:12:08","guid":{"rendered":"https:\/\/encoursdeconstru.fr\/?page_id=84"},"modified":"2024-11-15T10:46:50","modified_gmt":"2024-11-15T09:46:50","slug":"contact","status":"publish","type":"page","link":"https:\/\/industeelconcept.fr\/index.php\/contact\/","title":{"rendered":"contact"},"content":{"rendered":"\t\t<div data-elementor-type=\"wp-page\" data-elementor-id=\"84\" class=\"elementor elementor-84\" data-elementor-post-type=\"page\">\n\t\t\t\t<div class=\"elementor-element elementor-element-09734e3 e-flex e-con-boxed e-con e-parent\" data-id=\"09734e3\" data-element_type=\"container\">\n\t\t\t\t\t<div class=\"e-con-inner\">\n\t\t\t\t<div class=\"elementor-element elementor-element-09ea19d elementor-widget elementor-widget-heading\" data-id=\"09ea19d\" data-element_type=\"widget\" data-widget_type=\"heading.default\">\n\t\t\t\t<div class=\"elementor-widget-container\">\n\t\t\t<h4 class=\"elementor-heading-title elementor-size-default\">Contactez-nous<\/h4>\t\t<\/div>\n\t\t\t\t<\/div>\n\t\t\t\t<div class=\"elementor-element elementor-element-cb1019a elementor-button-align-stretch elementor-widget elementor-widget-form\" data-id=\"cb1019a\" data-element_type=\"widget\" data-settings=\"{&quot;step_next_label&quot;:&quot;Suivant&quot;,&quot;step_previous_label&quot;:&quot;Pr\\u00e9c\\u00e9dent&quot;,&quot;button_width&quot;:&quot;30&quot;,&quot;step_type&quot;:&quot;number_text&quot;,&quot;step_icon_shape&quot;:&quot;circle&quot;}\" data-widget_type=\"form.default\">\n\t\t\t\t<div class=\"elementor-widget-container\">\n\t\t\t\t\t<form class=\"elementor-form\" method=\"post\" name=\"Nouveau formulaire\">\n\t\t\t<input type=\"hidden\" name=\"post_id\" value=\"84\"\/>\n\t\t\t<input type=\"hidden\" name=\"form_id\" value=\"cb1019a\"\/>\n\t\t\t<input type=\"hidden\" name=\"referer_title\" value=\"contact - InduSteel Concept\" \/>\n\n\t\t\t\t\t\t\t<input type=\"hidden\" name=\"queried_id\" value=\"84\"\/>\n\t\t\t\n\t\t\t<div class=\"elementor-form-fields-wrapper elementor-labels-above\">\n\t\t\t\t\t\t\t\t<div class=\"elementor-field-type-text elementor-field-group elementor-column elementor-field-group-name elementor-col-100 elementor-field-required elementor-mark-required\">\n\t\t\t\t\t\t\t\t\t\t\t\t<label for=\"form-field-name\" class=\"elementor-field-label\">\n\t\t\t\t\t\t\t\tNom\t\t\t\t\t\t\t<\/label>\n\t\t\t\t\t\t\t\t\t\t\t\t\t\t<input size=\"1\" type=\"text\" name=\"form_fields[name]\" id=\"form-field-name\" class=\"elementor-field elementor-size-md  elementor-field-textual\" placeholder=\"Nom\" required=\"required\" aria-required=\"true\">\n\t\t\t\t\t\t\t\t\t\t\t<\/div>\n\t\t\t\t\t\t\t\t<div class=\"elementor-field-type-text\">\n\t\t\t\t\t<input size=\"1\" type=\"text\" name=\"form_fields[field_4c1b03f]\" id=\"form-field-field_4c1b03f\" class=\"elementor-field elementor-size-md \" style=\"display:none !important;\">\t\t\t\t<\/div>\n\t\t\t\t\t\t\t\t<div class=\"elementor-field-type-email elementor-field-group elementor-column elementor-field-group-email elementor-col-100 elementor-field-required elementor-mark-required\">\n\t\t\t\t\t\t\t\t\t\t\t\t<label for=\"form-field-email\" class=\"elementor-field-label\">\n\t\t\t\t\t\t\t\tE-mail\t\t\t\t\t\t\t<\/label>\n\t\t\t\t\t\t\t\t\t\t\t\t\t\t<input size=\"1\" type=\"email\" name=\"form_fields[email]\" id=\"form-field-email\" class=\"elementor-field elementor-size-md  elementor-field-textual\" placeholder=\"E-mail\" required=\"required\" aria-required=\"true\">\n\t\t\t\t\t\t\t\t\t\t\t<\/div>\n\t\t\t\t\t\t\t\t<div class=\"elementor-field-type-tel elementor-field-group elementor-column elementor-field-group-field_9e68bac elementor-col-100 elementor-field-required elementor-mark-required\">\n\t\t\t\t\t\t\t\t\t\t\t\t<label for=\"form-field-field_9e68bac\" class=\"elementor-field-label\">\n\t\t\t\t\t\t\t\tT\u00e9l\u00e9phone\t\t\t\t\t\t\t<\/label>\n\t\t\t\t\t\t\t\t<input size=\"1\" type=\"tel\" name=\"form_fields[field_9e68bac]\" id=\"form-field-field_9e68bac\" class=\"elementor-field elementor-size-md  elementor-field-textual\" placeholder=\"T\u00e9l\u00e9phone\" required=\"required\" aria-required=\"true\" pattern=\"[0-9()#&amp;+*-=.]+\" title=\"Seuls les caract\u00e8res de num\u00e9ros de t\u00e9l\u00e9phone (#, -, *, etc.) sont accept\u00e9s.\">\n\n\t\t\t\t\t\t<\/div>\n\t\t\t\t\t\t\t\t<div class=\"elementor-field-type-text\">\n\t\t\t\t\t<input size=\"1\" type=\"text\" name=\"form_fields[field_2a4f047]\" id=\"form-field-field_2a4f047\" class=\"elementor-field elementor-size-md \" style=\"display:none !important;\">\t\t\t\t<\/div>\n\t\t\t\t\t\t\t\t<div class=\"elementor-field-type-textarea elementor-field-group elementor-column elementor-field-group-message elementor-col-100 elementor-field-required elementor-mark-required\">\n\t\t\t\t\t\t\t\t\t\t\t\t<label for=\"form-field-message\" class=\"elementor-field-label\">\n\t\t\t\t\t\t\t\tMessage\t\t\t\t\t\t\t<\/label>\n\t\t\t\t\t\t<textarea class=\"elementor-field-textual elementor-field  elementor-size-md\" name=\"form_fields[message]\" id=\"form-field-message\" rows=\"4\" placeholder=\"Message\" required=\"required\" aria-required=\"true\"><\/textarea>\t\t\t\t<\/div>\n\t\t\t\t\t\t\t\t<div class=\"elementor-field-type-upload elementor-field-group elementor-column elementor-field-group-field_f5af628 elementor-col-100\">\n\t\t\t\t\t\t\t<input type=\"file\" name=\"form_fields[field_f5af628][]\" id=\"form-field-field_f5af628\" class=\"elementor-field elementor-size-md  elementor-upload-field\" multiple=\"multiple\" data-maxsize=\"10\" data-maxsize-message=\"Ce fichier d\u00e9passe la taille maximale autoris\u00e9e.\">\n\n\t\t\t\t\t\t<\/div>\n\t\t\t\t\t\t\t\t<div class=\"elementor-field-group elementor-column elementor-field-type-submit elementor-col-30 e-form__buttons\">\n\t\t\t\t\t<button class=\"elementor-button elementor-size-lg\" type=\"submit\">\n\t\t\t\t\t\t<span class=\"elementor-button-content-wrapper\">\n\t\t\t\t\t\t\t\t\t\t\t\t\t\t\t<span class=\"elementor-button-icon\">\n\t\t\t\t\t\t\t\t\t<svg aria-hidden=\"true\" class=\"e-font-icon-svg e-far-envelope\" viewBox=\"0 0 512 512\" xmlns=\"http:\/\/www.w3.org\/2000\/svg\"><path d=\"M464 64H48C21.49 64 0 85.49 0 112v288c0 26.51 21.49 48 48 48h416c26.51 0 48-21.49 48-48V112c0-26.51-21.49-48-48-48zm0 48v40.805c-22.422 18.259-58.168 46.651-134.587 106.49-16.841 13.247-50.201 45.072-73.413 44.701-23.208.375-56.579-31.459-73.413-44.701C106.18 199.465 70.425 171.067 48 152.805V112h416zM48 400V214.398c22.914 18.251 55.409 43.862 104.938 82.646 21.857 17.205 60.134 55.186 103.062 54.955 42.717.231 80.509-37.199 103.053-54.947 49.528-38.783 82.032-64.401 104.947-82.653V400H48z\"><\/path><\/svg>\t\t\t\t\t\t\t\t\t\t\t\t\t\t\t\t\t<\/span>\n\t\t\t\t\t\t\t\t\t\t\t\t\t\t\t\t\t\t\t\t\t\t<span class=\"elementor-button-text\">Envoyer<\/span>\n\t\t\t\t\t\t\t\t\t\t\t\t\t<\/span>\n\t\t\t\t\t<\/button>\n\t\t\t\t<\/div>\n\t\t\t<\/div>\n\t\t<\/form>\n\t\t\t\t<\/div>\n\t\t\t\t<\/div>\n\t\t\t\t\t<\/div>\n\t\t\t\t<\/div>\n\t\t<div class=\"elementor-element elementor-element-e4d6d96 e-flex e-con-boxed e-con e-parent\" data-id=\"e4d6d96\" data-element_type=\"container\">\n\t\t\t\t\t<div class=\"e-con-inner\">\n\t\t<div class=\"elementor-element elementor-element-88677ac e-con-full e-flex e-con e-child\" data-id=\"88677ac\" data-element_type=\"container\">\n\t\t<div class=\"elementor-element elementor-element-8de672f e-con-full e-flex e-con e-child\" data-id=\"8de672f\" data-element_type=\"container\" data-settings=\"{&quot;background_background&quot;:&quot;classic&quot;}\">\n\t\t\t\t<div class=\"elementor-element elementor-element-45239df elementor-widget elementor-widget-heading\" data-id=\"45239df\" data-element_type=\"widget\" data-widget_type=\"heading.default\">\n\t\t\t\t<div class=\"elementor-widget-container\">\n\t\t\t<h2 class=\"elementor-heading-title elementor-size-default\">Horaire<\/h2>\t\t<\/div>\n\t\t\t\t<\/div>\n\t\t\t\t<div class=\"elementor-element elementor-element-ae9b06c elementor-widget elementor-widget-text-editor\" data-id=\"ae9b06c\" data-element_type=\"widget\" data-widget_type=\"text-editor.default\">\n\t\t\t\t<div class=\"elementor-widget-container\">\n\t\t\t\t\t\t\t<p>Lundi : 9h &#8211; 12h30 \/ 14h &#8211; 18h<\/p><p>Mardi :\u00a0<span style=\"background-color: var( --e-global-color-4e3b337 ); text-align: var(--text-align); font-size: 1rem;\">9h &#8211; 12h30 \/ 14h &#8211; 18h<\/span><\/p><p>Mercredi :\u00a0<span style=\"background-color: var( --e-global-color-4e3b337 ); text-align: var(--text-align); font-size: 1rem;\">9h &#8211; 12h30 \/ 14h &#8211; 18h<\/span><\/p><p>Jeudi :\u00a0<span style=\"background-color: var( --e-global-color-4e3b337 ); text-align: var(--text-align); font-size: 1rem;\">9h &#8211; 12h30 \/ 14h &#8211; 18h<\/span><\/p><p>Vendredi :\u00a0<span style=\"background-color: var( --e-global-color-4e3b337 ); text-align: var(--text-align); font-size: 1rem;\">9h &#8211; 12h30<\/span><\/p><p>Samedi : Sur rendez-vous<\/p><p><span style=\"background-color: var( --e-global-color-4e3b337 ); text-align: var(--text-align); font-size: 1rem;\">Dimanche : Ferm\u00e9<\/span><\/p><p><span style=\"background-color: var( --e-global-color-4e3b337 ); text-align: var(--text-align); font-size: 1rem;\">\u00a0<\/span><\/p><p>\u00a0<\/p>\t\t\t\t\t\t<\/div>\n\t\t\t\t<\/div>\n\t\t\t\t<\/div>\n\t\t\t\t<\/div>\n\t\t<div class=\"elementor-element elementor-element-05f1e4d e-con-full e-flex e-con e-child\" data-id=\"05f1e4d\" data-element_type=\"container\">\n\t\t<div class=\"elementor-element elementor-element-0e43d4b e-con-full e-flex e-con e-child\" data-id=\"0e43d4b\" data-element_type=\"container\" data-settings=\"{&quot;background_background&quot;:&quot;classic&quot;}\">\n\t\t\t\t<div class=\"elementor-element elementor-element-65387d2 elementor-widget elementor-widget-heading\" data-id=\"65387d2\" data-element_type=\"widget\" data-widget_type=\"heading.default\">\n\t\t\t\t<div class=\"elementor-widget-container\">\n\t\t\t<h2 class=\"elementor-heading-title elementor-size-default\">Contact et adresse<\/h2>\t\t<\/div>\n\t\t\t\t<\/div>\n\t\t\t\t<div class=\"elementor-element elementor-element-015734d elementor-widget elementor-widget-text-editor\" data-id=\"015734d\" data-element_type=\"widget\" data-widget_type=\"text-editor.default\">\n\t\t\t\t<div class=\"elementor-widget-container\">\n\t\t\t\t\t\t\t<p>T\u00e9l\u00e9phone : <a href=\"http:\/\/+33251770505\">02 51 77 05<\/a> <a href=\"http:\/\/+33251770505\">05<\/a><\/p><p>Mail :\u00a0yassine.adrouche@industeelconcept.fr<\/p><p>Adresse :\u00a0<span style=\"background-color: var( --e-global-color-4e3b337 ); font-size: 1rem; text-align: var(--text-align);\">7 rue de l&rsquo;Industrie, ZA La Nivardi\u00e8re, 44860 Pont-Saint-Martin<\/span><\/p><p>\u00a0<\/p>\t\t\t\t\t\t<\/div>\n\t\t\t\t<\/div>\n\t\t\t\t<\/div>\n\t\t\t\t<\/div>\n\t\t\t\t\t<\/div>\n\t\t\t\t<\/div>\n\t\t\t\t<\/div>\n\t\t","protected":false},"excerpt":{"rendered":"<p>Contactez-nous Horaire Lundi : 9h &#8211; 12h30 \/ 14h &#8211; 18h Mardi :\u00a09h &#8211; 12h30 \/ 14h &#8211; 18h Mercredi :\u00a09h &#8211; 12h30 \/ 14h &#8211; 18h Jeudi :\u00a09h &#8211; 12h30 \/ 14h &#8211; 18h Vendredi :\u00a09h &#8211; 12h30 Samedi : Sur rendez-vous Dimanche : Ferm\u00e9 \u00a0 \u00a0 Contact et adresse T\u00e9l\u00e9phone : 02 51 [&hellip;]<\/p>\n","protected":false},"author":2,"featured_media":0,"parent":0,"menu_order":0,"comment_status":"closed","ping_status":"closed","template":"elementor_header_footer","meta":{"footnotes":""},"class_list":["post-84","page","type-page","status-publish","hentry"],"yoast_head":"<!-- This site is optimized with the Yoast SEO plugin v23.8 - https:\/\/yoast.com\/wordpress\/plugins\/seo\/ -->\n<title>contact - InduSteel Concept<\/title>\n<meta name=\"description\" content=\"Contactez-nous via ce formulaire pour que nous puissions r\u00e9pondre \u00e0 vos demandes. Indu&#039;Steel Concept \u00e0 Pont-saint-martin.\" \/>\n<meta name=\"robots\" content=\"index, follow, max-snippet:-1, max-image-preview:large, max-video-preview:-1\" \/>\n<link rel=\"canonical\" href=\"https:\/\/industeelconcept.fr\/index.php\/contact\/\" \/>\n<meta property=\"og:locale\" content=\"fr_FR\" \/>\n<meta property=\"og:type\" content=\"article\" \/>\n<meta property=\"og:title\" content=\"contact - InduSteel Concept\" \/>\n<meta property=\"og:description\" content=\"Contactez-nous via ce formulaire pour que nous puissions r\u00e9pondre \u00e0 vos demandes. Indu&#039;Steel Concept \u00e0 Pont-saint-martin.\" \/>\n<meta property=\"og:url\" content=\"https:\/\/industeelconcept.fr\/index.php\/contact\/\" \/>\n<meta property=\"og:site_name\" content=\"InduSteel Concept\" \/>\n<meta property=\"article:modified_time\" content=\"2024-11-15T09:46:50+00:00\" \/>\n<meta name=\"twitter:card\" content=\"summary_large_image\" \/>\n<meta name=\"twitter:label1\" content=\"Dur\u00e9e de lecture estim\u00e9e\" \/>\n\t<meta name=\"twitter:data1\" content=\"1 minute\" \/>\n<script type=\"application\/ld+json\" class=\"yoast-schema-graph\">{\"@context\":\"https:\/\/schema.org\",\"@graph\":[{\"@type\":\"WebPage\",\"@id\":\"https:\/\/industeelconcept.fr\/index.php\/contact\/\",\"url\":\"https:\/\/industeelconcept.fr\/index.php\/contact\/\",\"name\":\"contact - InduSteel Concept\",\"isPartOf\":{\"@id\":\"https:\/\/industeelconcept.fr\/#website\"},\"datePublished\":\"2024-09-30T14:12:08+00:00\",\"dateModified\":\"2024-11-15T09:46:50+00:00\",\"description\":\"Contactez-nous via ce formulaire pour que nous puissions r\u00e9pondre \u00e0 vos demandes. Indu'Steel Concept \u00e0 Pont-saint-martin.\",\"breadcrumb\":{\"@id\":\"https:\/\/industeelconcept.fr\/index.php\/contact\/#breadcrumb\"},\"inLanguage\":\"fr-FR\",\"potentialAction\":[{\"@type\":\"ReadAction\",\"target\":[\"https:\/\/industeelconcept.fr\/index.php\/contact\/\"]}]},{\"@type\":\"BreadcrumbList\",\"@id\":\"https:\/\/industeelconcept.fr\/index.php\/contact\/#breadcrumb\",\"itemListElement\":[{\"@type\":\"ListItem\",\"position\":1,\"name\":\"Accueil\",\"item\":\"https:\/\/industeelconcept.fr\/\"},{\"@type\":\"ListItem\",\"position\":2,\"name\":\"contact\"}]},{\"@type\":\"WebSite\",\"@id\":\"https:\/\/industeelconcept.fr\/#website\",\"url\":\"https:\/\/industeelconcept.fr\/\",\"name\":\"InduSteel Concept\",\"description\":\"Metallerie-Serrurerie\",\"publisher\":{\"@id\":\"https:\/\/industeelconcept.fr\/#organization\"},\"potentialAction\":[{\"@type\":\"SearchAction\",\"target\":{\"@type\":\"EntryPoint\",\"urlTemplate\":\"https:\/\/industeelconcept.fr\/?s={search_term_string}\"},\"query-input\":{\"@type\":\"PropertyValueSpecification\",\"valueRequired\":true,\"valueName\":\"search_term_string\"}}],\"inLanguage\":\"fr-FR\"},{\"@type\":\"Organization\",\"@id\":\"https:\/\/industeelconcept.fr\/#organization\",\"name\":\"InduSteel Concept\",\"url\":\"https:\/\/industeelconcept.fr\/\",\"logo\":{\"@type\":\"ImageObject\",\"inLanguage\":\"fr-FR\",\"@id\":\"https:\/\/industeelconcept.fr\/#\/schema\/logo\/image\/\",\"url\":\"https:\/\/industeelconcept.fr\/wp-content\/uploads\/2024\/11\/unnamed.png\",\"contentUrl\":\"https:\/\/industeelconcept.fr\/wp-content\/uploads\/2024\/11\/unnamed.png\",\"width\":296,\"height\":108,\"caption\":\"InduSteel Concept\"},\"image\":{\"@id\":\"https:\/\/industeelconcept.fr\/#\/schema\/logo\/image\/\"}}]}<\/script>\n<!-- \/ Yoast SEO plugin. -->","yoast_head_json":{"title":"contact - InduSteel Concept","description":"Contactez-nous via ce formulaire pour que nous puissions r\u00e9pondre \u00e0 vos demandes. Indu'Steel Concept \u00e0 Pont-saint-martin.","robots":{"index":"index","follow":"follow","max-snippet":"max-snippet:-1","max-image-preview":"max-image-preview:large","max-video-preview":"max-video-preview:-1"},"canonical":"https:\/\/industeelconcept.fr\/index.php\/contact\/","og_locale":"fr_FR","og_type":"article","og_title":"contact - InduSteel Concept","og_description":"Contactez-nous via ce formulaire pour que nous puissions r\u00e9pondre \u00e0 vos demandes. Indu'Steel Concept \u00e0 Pont-saint-martin.","og_url":"https:\/\/industeelconcept.fr\/index.php\/contact\/","og_site_name":"InduSteel Concept","article_modified_time":"2024-11-15T09:46:50+00:00","twitter_card":"summary_large_image","twitter_misc":{"Dur\u00e9e de lecture estim\u00e9e":"1 minute"},"schema":{"@context":"https:\/\/schema.org","@graph":[{"@type":"WebPage","@id":"https:\/\/industeelconcept.fr\/index.php\/contact\/","url":"https:\/\/industeelconcept.fr\/index.php\/contact\/","name":"contact - InduSteel Concept","isPartOf":{"@id":"https:\/\/industeelconcept.fr\/#website"},"datePublished":"2024-09-30T14:12:08+00:00","dateModified":"2024-11-15T09:46:50+00:00","description":"Contactez-nous via ce formulaire pour que nous puissions r\u00e9pondre \u00e0 vos demandes. Indu'Steel Concept \u00e0 Pont-saint-martin.","breadcrumb":{"@id":"https:\/\/industeelconcept.fr\/index.php\/contact\/#breadcrumb"},"inLanguage":"fr-FR","potentialAction":[{"@type":"ReadAction","target":["https:\/\/industeelconcept.fr\/index.php\/contact\/"]}]},{"@type":"BreadcrumbList","@id":"https:\/\/industeelconcept.fr\/index.php\/contact\/#breadcrumb","itemListElement":[{"@type":"ListItem","position":1,"name":"Accueil","item":"https:\/\/industeelconcept.fr\/"},{"@type":"ListItem","position":2,"name":"contact"}]},{"@type":"WebSite","@id":"https:\/\/industeelconcept.fr\/#website","url":"https:\/\/industeelconcept.fr\/","name":"InduSteel Concept","description":"Metallerie-Serrurerie","publisher":{"@id":"https:\/\/industeelconcept.fr\/#organization"},"potentialAction":[{"@type":"SearchAction","target":{"@type":"EntryPoint","urlTemplate":"https:\/\/industeelconcept.fr\/?s={search_term_string}"},"query-input":{"@type":"PropertyValueSpecification","valueRequired":true,"valueName":"search_term_string"}}],"inLanguage":"fr-FR"},{"@type":"Organization","@id":"https:\/\/industeelconcept.fr\/#organization","name":"InduSteel Concept","url":"https:\/\/industeelconcept.fr\/","logo":{"@type":"ImageObject","inLanguage":"fr-FR","@id":"https:\/\/industeelconcept.fr\/#\/schema\/logo\/image\/","url":"https:\/\/industeelconcept.fr\/wp-content\/uploads\/2024\/11\/unnamed.png","contentUrl":"https:\/\/industeelconcept.fr\/wp-content\/uploads\/2024\/11\/unnamed.png","width":296,"height":108,"caption":"InduSteel Concept"},"image":{"@id":"https:\/\/industeelconcept.fr\/#\/schema\/logo\/image\/"}}]}},"_links":{"self":[{"href":"https:\/\/industeelconcept.fr\/index.php\/wp-json\/wp\/v2\/pages\/84","targetHints":{"allow":["GET"]}}],"collection":[{"href":"https:\/\/industeelconcept.fr\/index.php\/wp-json\/wp\/v2\/pages"}],"about":[{"href":"https:\/\/industeelconcept.fr\/index.php\/wp-json\/wp\/v2\/types\/page"}],"author":[{"embeddable":true,"href":"https:\/\/industeelconcept.fr\/index.php\/wp-json\/wp\/v2\/users\/2"}],"replies":[{"embeddable":true,"href":"https:\/\/industeelconcept.fr\/index.php\/wp-json\/wp\/v2\/comments?post=84"}],"version-history":[{"count":12,"href":"https:\/\/industeelconcept.fr\/index.php\/wp-json\/wp\/v2\/pages\/84\/revisions"}],"predecessor-version":[{"id":556,"href":"https:\/\/industeelconcept.fr\/index.php\/wp-json\/wp\/v2\/pages\/84\/revisions\/556"}],"wp:attachment":[{"href":"https:\/\/industeelconcept.fr\/index.php\/wp-json\/wp\/v2\/media?parent=84"}],"curies":[{"name":"wp","href":"https:\/\/api.w.org\/{rel}","templated":true}]}}