{"id":46,"date":"2024-08-19T13:39:16","date_gmt":"2024-08-19T13:39:16","guid":{"rendered":"https:\/\/encoursdeconstru.fr\/?page_id=46"},"modified":"2024-08-19T13:39:16","modified_gmt":"2024-08-19T13:39:16","slug":"mentions-legales","status":"publish","type":"page","link":"https:\/\/industeelconcept.fr\/index.php\/mentions-legales\/","title":{"rendered":"mentions l\u00e9gales"},"content":{"rendered":"\t\t<div data-elementor-type=\"wp-page\" data-elementor-id=\"46\" class=\"elementor elementor-46\" data-elementor-post-type=\"page\">\n\t\t\t\t<div class=\"elementor-element elementor-element-305cf18 e-flex e-con-boxed e-con e-parent\" data-id=\"305cf18\" data-element_type=\"container\">\n\t\t\t\t\t<div class=\"e-con-inner\">\n\t\t\t\t<div class=\"elementor-element elementor-element-0211e98 elementor-widget elementor-widget-heading\" data-id=\"0211e98\" data-element_type=\"widget\" data-widget_type=\"heading.default\">\n\t\t\t\t<div class=\"elementor-widget-container\">\n\t\t\t<h5 class=\"elementor-heading-title elementor-size-default\">Mentions l\u00e9gales<\/h5>\t\t<\/div>\n\t\t\t\t<\/div>\n\t\t\t\t<div class=\"elementor-element elementor-element-a7edbab elementor-widget elementor-widget-text-editor\" data-id=\"a7edbab\" data-element_type=\"widget\" data-widget_type=\"text-editor.default\">\n\t\t\t\t<div class=\"elementor-widget-container\">\n\t\t\t\t\t\t\t<p>Mentions l\u00e9gales Indu&rsquo;Steel Concept au 7 Rue de l&rsquo;Industrie 44860 Pont-Saint-Martin<br \/>Raison sociale :<\/p><p>Indu&rsquo;Steel Concept<\/p><p>Forme juridique :\u00a0<span style=\"text-align: var(--text-align); font-size: 1rem;\">SARL \/ Soci\u00e9t\u00e9 \u00e0 responsabilit\u00e9 limit\u00e9<\/span><\/p><p>Capital social : <span style=\"text-align: var(--text-align); font-size: 1rem;\">5000\u20ac<\/span><\/p><p>Adresse :\u00a0<span style=\"text-align: var(--text-align); font-size: 1rem;\">7 rue de l&rsquo;Industrie, ZA La Nivardi\u00e8re, 44860 Pont-Saint-Martin<\/span><\/p><p>Adresse \u00e9lectronique :\u00a0<span style=\"text-align: var(--text-align); font-size: 1rem;\">yassine.adrouche@industeelconcept.fr<\/span><\/p><p>T\u00e9l\u00e9phone :\u00a0<span style=\"text-align: var(--text-align); font-size: 1rem;\">02 51 77 05 05<\/span><\/p><p>N\u00b0 d&rsquo;inscription au RCS ou r\u00e9pertoire des m\u00e9tiers :\u00a0<span style=\"text-align: var(--text-align); font-size: 1rem;\">909018871<\/span><\/p><p>SIRET :\u00a0<span style=\"text-align: var(--text-align); font-size: 1rem;\">90901887100014<\/span><\/p><p>N\u00b0 d\u2019assujettissement \u00e0 la TVA :\u00a0<span style=\"text-align: var(--text-align); font-size: 1rem;\">FR80909018871<\/span><\/p><p>Nom du directeur de la r\u00e9daction\/publication :\u00a0<span style=\"text-align: var(--text-align); font-size: 1rem;\">MONSIEUR ADROUCHE YASSINE<\/span><\/p><p>R\u00e9f\u00e9rence aux r\u00e8gles professionnelles applicables :<\/p><p>Titre professionnel :<\/p><p>Nom de l\u2019\u00c9tat de l&rsquo;Union europ\u00e9enne dans lequel le titre professionnel a \u00e9t\u00e9 octroy\u00e9 :<\/p><p>Nom de l&rsquo;ordre\/organisme aupr\u00e8s duquel l\u2019inscription a \u00e9t\u00e9 faite :<\/p><p>Ce site est h\u00e9berg\u00e9 dans un centre de donn\u00e9es europ\u00e9en situ\u00e9 \u00e0 Roubaix en France par la soci\u00e9t\u00e9 OVH Cloud dont le si\u00e8ge social est \u00e9tabli :<\/p><p><span style=\"background-color: #d3e3fd; color: #040c28; font-family: 'Google Sans', Arial, sans-serif; font-size: 20px;\">2 rue Kellermann, 59100 Roubaix<\/span><\/p>\t\t\t\t\t\t<\/div>\n\t\t\t\t<\/div>\n\t\t\t\t\t<\/div>\n\t\t\t\t<\/div>\n\t\t\t\t<\/div>\n\t\t","protected":false},"excerpt":{"rendered":"<p>Mentions l\u00e9gales Mentions l\u00e9gales Indu&rsquo;Steel Concept au 7 Rue de l&rsquo;Industrie 44860 Pont-Saint-MartinRaison sociale : Indu&rsquo;Steel Concept Forme juridique :\u00a0SARL \/ Soci\u00e9t\u00e9 \u00e0 responsabilit\u00e9 limit\u00e9 Capital social : 5000\u20ac Adresse :\u00a07 rue de l&rsquo;Industrie, ZA La Nivardi\u00e8re, 44860 Pont-Saint-Martin Adresse \u00e9lectronique :\u00a0yassine.adrouche@industeelconcept.fr T\u00e9l\u00e9phone :\u00a002 51 77 05 05 N\u00b0 d&rsquo;inscription au RCS ou r\u00e9pertoire des [&hellip;]<\/p>\n","protected":false},"author":2,"featured_media":0,"parent":0,"menu_order":0,"comment_status":"closed","ping_status":"closed","template":"","meta":{"footnotes":""},"class_list":["post-46","page","type-page","status-publish","hentry"],"yoast_head":"<!-- This site is optimized with the Yoast SEO plugin v23.8 - https:\/\/yoast.com\/wordpress\/plugins\/seo\/ -->\n<title>mentions l\u00e9gales - InduSteel Concept<\/title>\n<meta name=\"robots\" content=\"index, follow, max-snippet:-1, max-image-preview:large, max-video-preview:-1\" \/>\n<link rel=\"canonical\" href=\"http:\/\/industeelconcept.fr\/index.php\/mentions-legales\/\" \/>\n<meta property=\"og:locale\" content=\"fr_FR\" \/>\n<meta property=\"og:type\" content=\"article\" \/>\n<meta property=\"og:title\" content=\"mentions l\u00e9gales - InduSteel Concept\" \/>\n<meta property=\"og:description\" content=\"Mentions l\u00e9gales Mentions l\u00e9gales Indu&rsquo;Steel Concept au 7 Rue de l&rsquo;Industrie 44860 Pont-Saint-MartinRaison sociale : Indu&rsquo;Steel Concept Forme juridique :\u00a0SARL \/ Soci\u00e9t\u00e9 \u00e0 responsabilit\u00e9 limit\u00e9 Capital social : 5000\u20ac Adresse :\u00a07 rue de l&rsquo;Industrie, ZA La Nivardi\u00e8re, 44860 Pont-Saint-Martin Adresse \u00e9lectronique :\u00a0yassine.adrouche@industeelconcept.fr T\u00e9l\u00e9phone :\u00a002 51 77 05 05 N\u00b0 d&rsquo;inscription au RCS ou r\u00e9pertoire des [&hellip;]\" \/>\n<meta property=\"og:url\" content=\"http:\/\/industeelconcept.fr\/index.php\/mentions-legales\/\" \/>\n<meta property=\"og:site_name\" content=\"InduSteel Concept\" \/>\n<meta name=\"twitter:card\" content=\"summary_large_image\" \/>\n<meta name=\"twitter:label1\" content=\"Dur\u00e9e de lecture estim\u00e9e\" \/>\n\t<meta name=\"twitter:data1\" content=\"1 minute\" \/>\n<script type=\"application\/ld+json\" class=\"yoast-schema-graph\">{\"@context\":\"https:\/\/schema.org\",\"@graph\":[{\"@type\":\"WebPage\",\"@id\":\"http:\/\/industeelconcept.fr\/index.php\/mentions-legales\/\",\"url\":\"http:\/\/industeelconcept.fr\/index.php\/mentions-legales\/\",\"name\":\"mentions l\u00e9gales - InduSteel Concept\",\"isPartOf\":{\"@id\":\"https:\/\/industeelconcept.fr\/#website\"},\"datePublished\":\"2024-08-19T13:39:16+00:00\",\"dateModified\":\"2024-08-19T13:39:16+00:00\",\"breadcrumb\":{\"@id\":\"http:\/\/industeelconcept.fr\/index.php\/mentions-legales\/#breadcrumb\"},\"inLanguage\":\"fr-FR\",\"potentialAction\":[{\"@type\":\"ReadAction\",\"target\":[\"http:\/\/industeelconcept.fr\/index.php\/mentions-legales\/\"]}]},{\"@type\":\"BreadcrumbList\",\"@id\":\"http:\/\/industeelconcept.fr\/index.php\/mentions-legales\/#breadcrumb\",\"itemListElement\":[{\"@type\":\"ListItem\",\"position\":1,\"name\":\"Accueil\",\"item\":\"https:\/\/industeelconcept.fr\/\"},{\"@type\":\"ListItem\",\"position\":2,\"name\":\"mentions l\u00e9gales\"}]},{\"@type\":\"WebSite\",\"@id\":\"https:\/\/industeelconcept.fr\/#website\",\"url\":\"https:\/\/industeelconcept.fr\/\",\"name\":\"InduSteel Concept\",\"description\":\"Metallerie-Serrurerie\",\"publisher\":{\"@id\":\"https:\/\/industeelconcept.fr\/#organization\"},\"potentialAction\":[{\"@type\":\"SearchAction\",\"target\":{\"@type\":\"EntryPoint\",\"urlTemplate\":\"https:\/\/industeelconcept.fr\/?s={search_term_string}\"},\"query-input\":{\"@type\":\"PropertyValueSpecification\",\"valueRequired\":true,\"valueName\":\"search_term_string\"}}],\"inLanguage\":\"fr-FR\"},{\"@type\":\"Organization\",\"@id\":\"https:\/\/industeelconcept.fr\/#organization\",\"name\":\"InduSteel Concept\",\"url\":\"https:\/\/industeelconcept.fr\/\",\"logo\":{\"@type\":\"ImageObject\",\"inLanguage\":\"fr-FR\",\"@id\":\"https:\/\/industeelconcept.fr\/#\/schema\/logo\/image\/\",\"url\":\"https:\/\/industeelconcept.fr\/wp-content\/uploads\/2024\/11\/unnamed.png\",\"contentUrl\":\"https:\/\/industeelconcept.fr\/wp-content\/uploads\/2024\/11\/unnamed.png\",\"width\":296,\"height\":108,\"caption\":\"InduSteel Concept\"},\"image\":{\"@id\":\"https:\/\/industeelconcept.fr\/#\/schema\/logo\/image\/\"}}]}<\/script>\n<!-- \/ Yoast SEO plugin. -->","yoast_head_json":{"title":"mentions l\u00e9gales - InduSteel Concept","robots":{"index":"index","follow":"follow","max-snippet":"max-snippet:-1","max-image-preview":"max-image-preview:large","max-video-preview":"max-video-preview:-1"},"canonical":"http:\/\/industeelconcept.fr\/index.php\/mentions-legales\/","og_locale":"fr_FR","og_type":"article","og_title":"mentions l\u00e9gales - InduSteel Concept","og_description":"Mentions l\u00e9gales Mentions l\u00e9gales Indu&rsquo;Steel Concept au 7 Rue de l&rsquo;Industrie 44860 Pont-Saint-MartinRaison sociale : Indu&rsquo;Steel Concept Forme juridique :\u00a0SARL \/ Soci\u00e9t\u00e9 \u00e0 responsabilit\u00e9 limit\u00e9 Capital social : 5000\u20ac Adresse :\u00a07 rue de l&rsquo;Industrie, ZA La Nivardi\u00e8re, 44860 Pont-Saint-Martin Adresse \u00e9lectronique :\u00a0yassine.adrouche@industeelconcept.fr T\u00e9l\u00e9phone :\u00a002 51 77 05 05 N\u00b0 d&rsquo;inscription au RCS ou r\u00e9pertoire des [&hellip;]","og_url":"http:\/\/industeelconcept.fr\/index.php\/mentions-legales\/","og_site_name":"InduSteel Concept","twitter_card":"summary_large_image","twitter_misc":{"Dur\u00e9e de lecture estim\u00e9e":"1 minute"},"schema":{"@context":"https:\/\/schema.org","@graph":[{"@type":"WebPage","@id":"http:\/\/industeelconcept.fr\/index.php\/mentions-legales\/","url":"http:\/\/industeelconcept.fr\/index.php\/mentions-legales\/","name":"mentions l\u00e9gales - InduSteel Concept","isPartOf":{"@id":"https:\/\/industeelconcept.fr\/#website"},"datePublished":"2024-08-19T13:39:16+00:00","dateModified":"2024-08-19T13:39:16+00:00","breadcrumb":{"@id":"http:\/\/industeelconcept.fr\/index.php\/mentions-legales\/#breadcrumb"},"inLanguage":"fr-FR","potentialAction":[{"@type":"ReadAction","target":["http:\/\/industeelconcept.fr\/index.php\/mentions-legales\/"]}]},{"@type":"BreadcrumbList","@id":"http:\/\/industeelconcept.fr\/index.php\/mentions-legales\/#breadcrumb","itemListElement":[{"@type":"ListItem","position":1,"name":"Accueil","item":"https:\/\/industeelconcept.fr\/"},{"@type":"ListItem","position":2,"name":"mentions l\u00e9gales"}]},{"@type":"WebSite","@id":"https:\/\/industeelconcept.fr\/#website","url":"https:\/\/industeelconcept.fr\/","name":"InduSteel Concept","description":"Metallerie-Serrurerie","publisher":{"@id":"https:\/\/industeelconcept.fr\/#organization"},"potentialAction":[{"@type":"SearchAction","target":{"@type":"EntryPoint","urlTemplate":"https:\/\/industeelconcept.fr\/?s={search_term_string}"},"query-input":{"@type":"PropertyValueSpecification","valueRequired":true,"valueName":"search_term_string"}}],"inLanguage":"fr-FR"},{"@type":"Organization","@id":"https:\/\/industeelconcept.fr\/#organization","name":"InduSteel Concept","url":"https:\/\/industeelconcept.fr\/","logo":{"@type":"ImageObject","inLanguage":"fr-FR","@id":"https:\/\/industeelconcept.fr\/#\/schema\/logo\/image\/","url":"https:\/\/industeelconcept.fr\/wp-content\/uploads\/2024\/11\/unnamed.png","contentUrl":"https:\/\/industeelconcept.fr\/wp-content\/uploads\/2024\/11\/unnamed.png","width":296,"height":108,"caption":"InduSteel Concept"},"image":{"@id":"https:\/\/industeelconcept.fr\/#\/schema\/logo\/image\/"}}]}},"_links":{"self":[{"href":"https:\/\/industeelconcept.fr\/index.php\/wp-json\/wp\/v2\/pages\/46","targetHints":{"allow":["GET"]}}],"collection":[{"href":"https:\/\/industeelconcept.fr\/index.php\/wp-json\/wp\/v2\/pages"}],"about":[{"href":"https:\/\/industeelconcept.fr\/index.php\/wp-json\/wp\/v2\/types\/page"}],"author":[{"embeddable":true,"href":"https:\/\/industeelconcept.fr\/index.php\/wp-json\/wp\/v2\/users\/2"}],"replies":[{"embeddable":true,"href":"https:\/\/industeelconcept.fr\/index.php\/wp-json\/wp\/v2\/comments?post=46"}],"version-history":[{"count":0,"href":"https:\/\/industeelconcept.fr\/index.php\/wp-json\/wp\/v2\/pages\/46\/revisions"}],"wp:attachment":[{"href":"https:\/\/industeelconcept.fr\/index.php\/wp-json\/wp\/v2\/media?parent=46"}],"curies":[{"name":"wp","href":"https:\/\/api.w.org\/{rel}","templated":true}]}}